{"id":613,"date":"2025-09-30T11:19:39","date_gmt":"2025-09-30T09:19:39","guid":{"rendered":"https:\/\/www.ukuleleviaggi.it\/?page_id=613"},"modified":"2025-09-30T11:24:15","modified_gmt":"2025-09-30T09:24:15","slug":"politica-per-la-qualita","status":"publish","type":"page","link":"https:\/\/www.ukuleleviaggi.it\/?page_id=613","title":{"rendered":"Politica per la qualit\u00e0"},"content":{"rendered":"\n<p>Ukulele Viaggi \u00e8 un&#8217;azienda che opera&nbsp;come Tour Operator specializzato nell&#8217;organizzazione di viaggi di istruzione, soggiorni studio, scambi culturali, educativi e formativi, rivolti a scuole di ogni ordine e grado. La ventennale collaborazione con gli Istituti Scolastici ed i loro referenti ci permette di progettare ed organizzare esperienze di viaggio ispirate al valore didattico, culturale, formativo e di aggregazione sociale. Le nostre proposte sono sviluppate in linea con gli obiettivi educativi delle scuole e rispettose delle normative cogenti in materia di uscite didattiche e viaggi di istruzione.<\/p>\n\n\n\n<p>Operiamo realizzando itinerari di viaggio in Italia, in Europa e nel resto del mondo, occupandoci della completa progettazione e realizzazione; dall&#8217;analisi dei requisiti alla selezione e al coordinamento di fornitori qualificati fino all&#8217;assistenza durante tutto lo svolgimento dell&#8217;esperienza.<\/p>\n\n\n\n<p>Interpretiamo le ansie e le preoccupazioni dei docenti accompagnatori e curiamo perci\u00f2 tutti i dettagli legati alle pi\u00f9 diverse esigenze dei viaggiatori come le diete speciali e le disabilit\u00e0, fornendo consulenza per le norme di transito transfrontaliero,&nbsp;prevenendo cos\u00ec ritardi o inconvenienti.<\/p>\n\n\n\n<p>Il team di lavoro dell&#8217;organizzazione \u00e8 composto da personale qualificato multilingua con grande esperienza nel settore scolastico che pone massima attenzione alle conformit\u00e0 legislative in relazione ai trasporti, alle assicurazioni, alla privacy, al valore formativo delle esperienze proposte, alla costruzione di relazioni chiare, trasparenti e collaborative con le scuole, favorendo accessibilit\u00e0&nbsp;e inclusivit\u00e0.<\/p>\n\n\n\n<p>Proprio&nbsp;per l&#8217;impegno della Direzione a perseguire una politica per la qualit\u00e0, l&#8217;organizzazione ha deciso di intraprendere il cammino per la realizzazione e la certificazione di un Sistema di Gestione conforme alle normative UNI EN ISO 9001:2015+A1. Questo&nbsp;impegno esprime i valori fondamentali e gli impegni verso clienti, personale&nbsp;interno e stakeholder attraverso:<\/p>\n\n\n\n<ul class=\"wp-block-list\">\n<li>la comprensione delle esigenze del cliente;<\/li>\n\n\n\n<li>l&#8217;erogazione di servizi coerenti con gli obiettivi didattici;<\/li>\n\n\n\n<li>l&#8217;analisi della soddisfazione del cliente e la promozione del miglioramento continuo;<\/li>\n\n\n\n<li>la garanzia del rispetto delle norme e della protezione dei dati personali (GDPR) attraverso moderni apparati IT;<\/li>\n\n\n\n<li>la valorizzazione delle risorse umane con formazione costante, ascolto e coinvolgimento in un clima lavorativo positivo e orientato alla collaborazione;<\/li>\n\n\n\n<li>la diffusione di una cultura aziendale fondata su correttezza, rispetto e responsabilit\u00e0;<\/li>\n\n\n\n<li>la soddisfazione del cliente che \u00e8 un obiettivo fondamentale, senza dimenticare il benessere delle persone che lavorano per l&#8217;organizzazione;<\/li>\n\n\n\n<li>il miglioramento, la crescita e la responsabilit\u00e0&nbsp;verso la collettivit\u00e0, verso le scuole, le famiglie e l&#8217;ambiente.<\/li>\n<\/ul>\n\n\n\n<p>L\u2019organizzazione si impegna a migliorare in modo continuo le proprie prestazioni, considerando i risultati delle analisi e delle valutazioni, gestendo ogni rilievo, reclamo, segnalazione e \u201cNon Conformit\u00e0\u201d in maniera sistematica per l\u2019individuazione delle cause e per l\u2019attuazione di azioni correttive.<\/p>\n\n\n\n<p>Il contenuto della presente \u201cPolitica per la qualit\u00e0\u201d \u00e8 stata comunicata, compresa, applicata e condivisa da tutto il personale dell\u2019organizzazione. La \u201cPolitica per la qualit\u00e0\u201d \u00e8 stata inoltre resa disponibile a tutte le parti interessate rilevanti sul sito web dell\u2019azienda.<\/p>\n\n\n\n<p><\/p>\n","protected":false},"excerpt":{"rendered":"<p>Ukulele Viaggi \u00e8 un&#8217;azienda che opera&nbsp;come Tour Operator specializzato nell&#8217;organizzazione di viaggi di istruzione, soggiorni studio, scambi culturali, educativi e formativi, rivolti a scuole di ogni ordine e grado. La ventennale collaborazione con gli Istituti Scolastici ed i loro referenti ci permette di progettare ed organizzare esperienze di viaggio ispirate al valore didattico, culturale, formativo &hellip; <\/p>\n<p class=\"link-more\"><a href=\"https:\/\/www.ukuleleviaggi.it\/?page_id=613\" class=\"more-link\">Leggi tutto<span class=\"screen-reader-text\"> &#8220;Politica per la qualit\u00e0&#8221;<\/span><\/a><\/p>\n","protected":false},"author":1,"featured_media":0,"parent":0,"menu_order":0,"comment_status":"closed","ping_status":"closed","template":"","meta":{"inspiro_hide_title":false,"footnotes":""},"class_list":["post-613","page","type-page","status-publish","hentry"],"_links":{"self":[{"href":"https:\/\/www.ukuleleviaggi.it\/index.php?rest_route=\/wp\/v2\/pages\/613","targetHints":{"allow":["GET"]}}],"collection":[{"href":"https:\/\/www.ukuleleviaggi.it\/index.php?rest_route=\/wp\/v2\/pages"}],"about":[{"href":"https:\/\/www.ukuleleviaggi.it\/index.php?rest_route=\/wp\/v2\/types\/page"}],"author":[{"embeddable":true,"href":"https:\/\/www.ukuleleviaggi.it\/index.php?rest_route=\/wp\/v2\/users\/1"}],"replies":[{"embeddable":true,"href":"https:\/\/www.ukuleleviaggi.it\/index.php?rest_route=%2Fwp%2Fv2%2Fcomments&post=613"}],"version-history":[{"count":2,"href":"https:\/\/www.ukuleleviaggi.it\/index.php?rest_route=\/wp\/v2\/pages\/613\/revisions"}],"predecessor-version":[{"id":617,"href":"https:\/\/www.ukuleleviaggi.it\/index.php?rest_route=\/wp\/v2\/pages\/613\/revisions\/617"}],"wp:attachment":[{"href":"https:\/\/www.ukuleleviaggi.it\/index.php?rest_route=%2Fwp%2Fv2%2Fmedia&parent=613"}],"curies":[{"name":"wp","href":"https:\/\/api.w.org\/{rel}","templated":true}]}}